{"id":4024,"date":"2025-08-12T15:46:06","date_gmt":"2025-08-12T13:46:06","guid":{"rendered":"https:\/\/framerframed.nl\/store\/?post_type=product&#038;p=4024"},"modified":"2026-02-02T17:54:33","modified_gmt":"2026-02-02T16:54:33","slug":"errant-journal-8-against-visibility-print","status":"publish","type":"product","link":"https:\/\/framerframed.nl\/store\/product\/errant-journal-8-against-visibility-print\/","title":{"rendered":"Errant Journal #8 Against Visibility (or, the Right to Opacity) \u2013 Print"},"content":{"rendered":"<p>[et_pb_section fb_built=&#8221;1&#8243; _builder_version=&#8221;4.16&#8243; custom_padding=&#8221;0px||||false|false&#8221; global_colors_info=&#8221;{}&#8221;][et_pb_row _builder_version=&#8221;4.16&#8243; background_size=&#8221;initial&#8221; background_position=&#8221;top_left&#8221; background_repeat=&#8221;repeat&#8221; width=&#8221;100%&#8221; custom_padding=&#8221;0px||0px||false|false&#8221; global_colors_info=&#8221;{}&#8221;][et_pb_column type=&#8221;4_4&#8243; _builder_version=&#8221;4.16&#8243; custom_padding=&#8221;|||&#8221; global_colors_info=&#8221;{}&#8221; custom_padding__hover=&#8221;|||&#8221;][et_pb_wc_breadcrumb _builder_version=&#8221;4.16&#8243; global_colors_info=&#8221;{}&#8221;][\/et_pb_wc_breadcrumb][et_pb_wc_cart_notice _builder_version=&#8221;4.16&#8243; title_line_height=&#8221;2.6em&#8221; custom_button=&#8221;on&#8221; button_text_color=&#8221;#ffffff&#8221; button_bg_color=&#8221;rgba(0,0,0,0)&#8221; button_icon=&#8221;&#x23;||divi||400&#8243; button_icon_placement=&#8221;left&#8221; button_on_hover=&#8221;off&#8221; body_line_height=&#8221;2.6em&#8221; global_colors_info=&#8221;{}&#8221;][\/et_pb_wc_cart_notice][\/et_pb_column][\/et_pb_row][et_pb_row column_structure=&#8221;1_2,1_2&#8243; _builder_version=&#8221;4.16&#8243; background_size=&#8221;initial&#8221; background_position=&#8221;top_left&#8221; background_repeat=&#8221;repeat&#8221; width=&#8221;100%&#8221; custom_padding=&#8221;0px||||false|false&#8221; global_colors_info=&#8221;{}&#8221;][et_pb_column type=&#8221;1_2&#8243; _builder_version=&#8221;4.16&#8243; custom_padding=&#8221;|||&#8221; global_colors_info=&#8221;{}&#8221; custom_padding__hover=&#8221;|||&#8221;][et_pb_wc_images _builder_version=&#8221;4.16&#8243; global_colors_info=&#8221;{}&#8221;][\/et_pb_wc_images][\/et_pb_column][et_pb_column type=&#8221;1_2&#8243; _builder_version=&#8221;4.16&#8243; custom_padding=&#8221;|||&#8221; global_colors_info=&#8221;{}&#8221; custom_padding__hover=&#8221;|||&#8221;][et_pb_wc_title _builder_version=&#8221;4.16&#8243; header_font=&#8221;|600|||||||&#8221; global_colors_info=&#8221;{}&#8221;][\/et_pb_wc_title][et_pb_wc_rating _builder_version=&#8221;4.16&#8243; global_colors_info=&#8221;{}&#8221;][\/et_pb_wc_rating][et_pb_wc_price _builder_version=&#8221;4.16&#8243; global_colors_info=&#8221;{}&#8221;][\/et_pb_wc_price][et_pb_wc_description _builder_version=&#8221;4.16&#8243; global_colors_info=&#8221;{}&#8221;][\/et_pb_wc_description][et_pb_wc_add_to_cart _builder_version=&#8221;4.16&#8243; fields_background_color=&#8221;#ffffff&#8221; fields_text_color=&#8221;#47b17e&#8221; fields_focus_background_color=&#8221;#ffffff&#8221; fields_focus_text_color=&#8221;#47b17e&#8221; fields_custom_padding=&#8221;39px||39px||true|false&#8221; dropdown_menus_background_color=&#8221;#ffffff&#8221; dropdown_menus_text_color=&#8221;#ffffff&#8221; dropdown_menus_focus_background_color=&#8221;#ffffff&#8221; fields_font=&#8221;|600|||||||&#8221; custom_button=&#8221;on&#8221; button_border_width=&#8221;6px&#8221; button_border_radius=&#8221;0px&#8221; button_font=&#8221;|600|||||||&#8221; button_icon=&#8221;&#x4c;||divi||400&#8243; border_radii_fields=&#8221;on|0px|0px|0px|0px&#8221; border_width_all_fields=&#8221;6px&#8221; border_color_all_fields=&#8221;#E8E8E8&#8243; global_colors_info=&#8221;{}&#8221;][\/et_pb_wc_add_to_cart][et_pb_wc_tabs _builder_version=&#8221;4.16&#8243; global_colors_info=&#8221;{}&#8221;] [\/et_pb_wc_tabs][et_pb_wc_meta _builder_version=&#8221;4.16&#8243; global_colors_info=&#8221;{}&#8221;][\/et_pb_wc_meta][\/et_pb_column][\/et_pb_row][et_pb_row _builder_version=&#8221;4.16&#8243; _module_preset=&#8221;default&#8221; global_colors_info=&#8221;{}&#8221;][et_pb_column type=&#8221;4_4&#8243; _builder_version=&#8221;4.16&#8243; _module_preset=&#8221;default&#8221; global_colors_info=&#8221;{}&#8221;][et_pb_divider color=&#8221;#E8E8E8&#8243; divider_weight=&#8221;6px&#8221; _builder_version=&#8221;4.16&#8243; _module_preset=&#8221;default&#8221; global_colors_info=&#8221;{}&#8221;][\/et_pb_divider][\/et_pb_column][\/et_pb_row][et_pb_row _builder_version=&#8221;4.16&#8243; background_size=&#8221;initial&#8221; background_position=&#8221;top_left&#8221; background_repeat=&#8221;repeat&#8221; width=&#8221;100%&#8221; custom_margin=&#8221;-35px||||false|false&#8221; global_colors_info=&#8221;{}&#8221;][et_pb_column type=&#8221;4_4&#8243; _builder_version=&#8221;4.16&#8243; custom_padding=&#8221;|||&#8221; global_colors_info=&#8221;{}&#8221; custom_padding__hover=&#8221;|||&#8221;][et_pb_wc_related_products _builder_version=&#8221;4.16&#8243; global_colors_info=&#8221;{}&#8221;][\/et_pb_wc_related_products][\/et_pb_column][\/et_pb_row][\/et_pb_section]<\/p>\n","protected":false},"excerpt":{"rendered":"","protected":false},"featured_media":4264,"template":"","meta":{"_et_pb_use_builder":"on","_et_pb_old_content":"The eighth issue of\u00a0<em>Errant Journal\u00a0<\/em>questions the ways in which hegemonic culture and discourse tends to prioritize the ideal of openness, access, transparency, and visibility. Delving into topics such as face coverings, \u2018coming out\u2019 in queer discourses, the use of opacity in transformative justice, and different strategies of (visual) resistance, \u2018Against Visibility\u2019 can be read as a proposition of refusal of the paradigm of visibility and access that permeates all areas of western thinking. At a moment in which representation and uncovering \u2018lost\u2019 histories are trending, Errant asks what is being erased in a world where everything must always be visible. When \u00c9douard Glissant proclaimed the right to opacity, he sought not to be reduced or to be measured against an ideal scale in order to be understood and accepted. Expanding from this, Against Visibility looks into the ways in which unlearning imperialism also includes unlearning the ideal of visibility itself.\r\n\r\nContributors: Vivi Alfons\u00edn, Leila Ben Abdallah, Mariam Ben Slama, Mich\u00e8le Boulogne, Irene de Craen, AmaraCh\u00edk\u00e0 Emele-Ralph, Cosmo M. Esposito, Jamie McGhee, Ludovica Micalizzi, Nadine Monem, Pieter Paul Pothoven, Musa Shadeedi, Federica Stagni\r\n\r\n<a href=\"https:\/\/errantjournal.org\/subscribe\/\">Click here if you want to subscribe to Errant Journal.<\/a>","_et_gb_content_width":""},"product_brand":[],"product_cat":[35],"product_tag":[],"class_list":{"0":"post-4024","1":"product","2":"type-product","3":"status-publish","4":"has-post-thumbnail","6":"product_cat-errant-journal","7":"product_shipping_class-errantjournal","9":"first","10":"instock","11":"taxable","12":"shipping-taxable","13":"purchasable","14":"product-type-simple"},"yoast_head":"<!-- This site is optimized with the Yoast SEO plugin v26.8 - https:\/\/yoast.com\/product\/yoast-seo-wordpress\/ -->\n<title>Errant Journal #8 Against Visibility (or, the Right to Opacity) \u2013 Print - Framer Framed Store<\/title>\n<meta name=\"robots\" content=\"index, follow, max-snippet:-1, max-image-preview:large, max-video-preview:-1\" \/>\n<link rel=\"canonical\" href=\"https:\/\/framerframed.nl\/store\/product\/errant-journal-8-against-visibility-print\/\" \/>\n<meta property=\"og:locale\" content=\"en_GB\" \/>\n<meta property=\"og:type\" content=\"article\" \/>\n<meta property=\"og:title\" content=\"Errant Journal #8 Against Visibility (or, the Right to Opacity) \u2013 Print - Framer Framed Store\" \/>\n<meta property=\"og:url\" content=\"https:\/\/framerframed.nl\/store\/product\/errant-journal-8-against-visibility-print\/\" \/>\n<meta property=\"og:site_name\" content=\"Framer Framed Store\" \/>\n<meta property=\"article:modified_time\" content=\"2026-02-02T16:54:33+00:00\" \/>\n<meta property=\"og:image\" content=\"https:\/\/framerframed.nl\/store\/wp-content\/uploads\/2025\/08\/Errant-journal-against-visibility.png\" \/>\n\t<meta property=\"og:image:width\" content=\"1080\" \/>\n\t<meta property=\"og:image:height\" content=\"1080\" \/>\n\t<meta property=\"og:image:type\" content=\"image\/png\" \/>\n<meta name=\"twitter:card\" content=\"summary_large_image\" \/>\n<meta name=\"twitter:label1\" content=\"Estimated reading time\" \/>\n\t<meta name=\"twitter:data1\" content=\"2 minutes\" \/>\n<script type=\"application\/ld+json\" class=\"yoast-schema-graph\">{\"@context\":\"https:\/\/schema.org\",\"@graph\":[{\"@type\":\"WebPage\",\"@id\":\"https:\/\/framerframed.nl\/store\/product\/errant-journal-8-against-visibility-print\/\",\"url\":\"https:\/\/framerframed.nl\/store\/product\/errant-journal-8-against-visibility-print\/\",\"name\":\"Errant Journal #8 Against Visibility (or, the Right to Opacity) \u2013 Print - Framer Framed Store\",\"isPartOf\":{\"@id\":\"https:\/\/framerframed.nl\/store\/#website\"},\"primaryImageOfPage\":{\"@id\":\"https:\/\/framerframed.nl\/store\/product\/errant-journal-8-against-visibility-print\/#primaryimage\"},\"image\":{\"@id\":\"https:\/\/framerframed.nl\/store\/product\/errant-journal-8-against-visibility-print\/#primaryimage\"},\"thumbnailUrl\":\"https:\/\/framerframed.nl\/store\/wp-content\/uploads\/2025\/08\/Errant-journal-against-visibility.png\",\"datePublished\":\"2025-08-12T13:46:06+00:00\",\"dateModified\":\"2026-02-02T16:54:33+00:00\",\"breadcrumb\":{\"@id\":\"https:\/\/framerframed.nl\/store\/product\/errant-journal-8-against-visibility-print\/#breadcrumb\"},\"inLanguage\":\"en-GB\",\"potentialAction\":[{\"@type\":\"ReadAction\",\"target\":[\"https:\/\/framerframed.nl\/store\/product\/errant-journal-8-against-visibility-print\/\"]}]},{\"@type\":\"ImageObject\",\"inLanguage\":\"en-GB\",\"@id\":\"https:\/\/framerframed.nl\/store\/product\/errant-journal-8-against-visibility-print\/#primaryimage\",\"url\":\"https:\/\/framerframed.nl\/store\/wp-content\/uploads\/2025\/08\/Errant-journal-against-visibility.png\",\"contentUrl\":\"https:\/\/framerframed.nl\/store\/wp-content\/uploads\/2025\/08\/Errant-journal-against-visibility.png\",\"width\":1080,\"height\":1080},{\"@type\":\"BreadcrumbList\",\"@id\":\"https:\/\/framerframed.nl\/store\/product\/errant-journal-8-against-visibility-print\/#breadcrumb\",\"itemListElement\":[{\"@type\":\"ListItem\",\"position\":1,\"name\":\"Home\",\"item\":\"https:\/\/framerframed.nl\/store\/\"},{\"@type\":\"ListItem\",\"position\":2,\"name\":\"Errant Journal\",\"item\":\"https:\/\/framerframed.nl\/store\/errantjournal\/\"},{\"@type\":\"ListItem\",\"position\":3,\"name\":\"Errant Journal #8 Against Visibility (or, the Right to Opacity) \u2013 Print\"}]},{\"@type\":\"WebSite\",\"@id\":\"https:\/\/framerframed.nl\/store\/#website\",\"url\":\"https:\/\/framerframed.nl\/store\/\",\"name\":\"Framer Framed Store\",\"description\":\"Online Store For Framer Framed\",\"potentialAction\":[{\"@type\":\"SearchAction\",\"target\":{\"@type\":\"EntryPoint\",\"urlTemplate\":\"https:\/\/framerframed.nl\/store\/?s={search_term_string}\"},\"query-input\":{\"@type\":\"PropertyValueSpecification\",\"valueRequired\":true,\"valueName\":\"search_term_string\"}}],\"inLanguage\":\"en-GB\"}]}<\/script>\n<!-- \/ Yoast SEO plugin. -->","yoast_head_json":{"title":"Errant Journal #8 Against Visibility (or, the Right to Opacity) \u2013 Print - Framer Framed Store","robots":{"index":"index","follow":"follow","max-snippet":"max-snippet:-1","max-image-preview":"max-image-preview:large","max-video-preview":"max-video-preview:-1"},"canonical":"https:\/\/framerframed.nl\/store\/product\/errant-journal-8-against-visibility-print\/","og_locale":"en_GB","og_type":"article","og_title":"Errant Journal #8 Against Visibility (or, the Right to Opacity) \u2013 Print - Framer Framed Store","og_url":"https:\/\/framerframed.nl\/store\/product\/errant-journal-8-against-visibility-print\/","og_site_name":"Framer Framed Store","article_modified_time":"2026-02-02T16:54:33+00:00","og_image":[{"width":1080,"height":1080,"url":"https:\/\/framerframed.nl\/store\/wp-content\/uploads\/2025\/08\/Errant-journal-against-visibility.png","type":"image\/png"}],"twitter_card":"summary_large_image","twitter_misc":{"Estimated reading time":"2 minutes"},"schema":{"@context":"https:\/\/schema.org","@graph":[{"@type":"WebPage","@id":"https:\/\/framerframed.nl\/store\/product\/errant-journal-8-against-visibility-print\/","url":"https:\/\/framerframed.nl\/store\/product\/errant-journal-8-against-visibility-print\/","name":"Errant Journal #8 Against Visibility (or, the Right to Opacity) \u2013 Print - Framer Framed Store","isPartOf":{"@id":"https:\/\/framerframed.nl\/store\/#website"},"primaryImageOfPage":{"@id":"https:\/\/framerframed.nl\/store\/product\/errant-journal-8-against-visibility-print\/#primaryimage"},"image":{"@id":"https:\/\/framerframed.nl\/store\/product\/errant-journal-8-against-visibility-print\/#primaryimage"},"thumbnailUrl":"https:\/\/framerframed.nl\/store\/wp-content\/uploads\/2025\/08\/Errant-journal-against-visibility.png","datePublished":"2025-08-12T13:46:06+00:00","dateModified":"2026-02-02T16:54:33+00:00","breadcrumb":{"@id":"https:\/\/framerframed.nl\/store\/product\/errant-journal-8-against-visibility-print\/#breadcrumb"},"inLanguage":"en-GB","potentialAction":[{"@type":"ReadAction","target":["https:\/\/framerframed.nl\/store\/product\/errant-journal-8-against-visibility-print\/"]}]},{"@type":"ImageObject","inLanguage":"en-GB","@id":"https:\/\/framerframed.nl\/store\/product\/errant-journal-8-against-visibility-print\/#primaryimage","url":"https:\/\/framerframed.nl\/store\/wp-content\/uploads\/2025\/08\/Errant-journal-against-visibility.png","contentUrl":"https:\/\/framerframed.nl\/store\/wp-content\/uploads\/2025\/08\/Errant-journal-against-visibility.png","width":1080,"height":1080},{"@type":"BreadcrumbList","@id":"https:\/\/framerframed.nl\/store\/product\/errant-journal-8-against-visibility-print\/#breadcrumb","itemListElement":[{"@type":"ListItem","position":1,"name":"Home","item":"https:\/\/framerframed.nl\/store\/"},{"@type":"ListItem","position":2,"name":"Errant Journal","item":"https:\/\/framerframed.nl\/store\/errantjournal\/"},{"@type":"ListItem","position":3,"name":"Errant Journal #8 Against Visibility (or, the Right to Opacity) \u2013 Print"}]},{"@type":"WebSite","@id":"https:\/\/framerframed.nl\/store\/#website","url":"https:\/\/framerframed.nl\/store\/","name":"Framer Framed Store","description":"Online Store For Framer Framed","potentialAction":[{"@type":"SearchAction","target":{"@type":"EntryPoint","urlTemplate":"https:\/\/framerframed.nl\/store\/?s={search_term_string}"},"query-input":{"@type":"PropertyValueSpecification","valueRequired":true,"valueName":"search_term_string"}}],"inLanguage":"en-GB"}]}},"_links":{"self":[{"href":"https:\/\/framerframed.nl\/store\/wp-json\/wp\/v2\/product\/4024","targetHints":{"allow":["GET"]}}],"collection":[{"href":"https:\/\/framerframed.nl\/store\/wp-json\/wp\/v2\/product"}],"about":[{"href":"https:\/\/framerframed.nl\/store\/wp-json\/wp\/v2\/types\/product"}],"wp:featuredmedia":[{"embeddable":true,"href":"https:\/\/framerframed.nl\/store\/wp-json\/wp\/v2\/media\/4264"}],"wp:attachment":[{"href":"https:\/\/framerframed.nl\/store\/wp-json\/wp\/v2\/media?parent=4024"}],"wp:term":[{"taxonomy":"product_brand","embeddable":true,"href":"https:\/\/framerframed.nl\/store\/wp-json\/wp\/v2\/product_brand?post=4024"},{"taxonomy":"product_cat","embeddable":true,"href":"https:\/\/framerframed.nl\/store\/wp-json\/wp\/v2\/product_cat?post=4024"},{"taxonomy":"product_tag","embeddable":true,"href":"https:\/\/framerframed.nl\/store\/wp-json\/wp\/v2\/product_tag?post=4024"}],"curies":[{"name":"wp","href":"https:\/\/api.w.org\/{rel}","templated":true}]}}