{"id":8563,"date":"2018-09-18T15:24:34","date_gmt":"2018-09-18T15:24:34","guid":{"rendered":"https:\/\/framerframed.nl\/?page_id=8563"},"modified":"2026-02-10T14:06:23","modified_gmt":"2026-02-10T14:06:23","slug":"werkplaats","status":"publish","type":"page","link":"https:\/\/framerframed.nl\/en\/werkplaats\/","title":{"rendered":"Werkplaats Molenwijk"},"content":{"rendered":"<h5>In September 2018 Framer Framed opened a second project space: Werkplaats Molenwijk (Workspace Molenwijk). A neighborhood space in the Molenwijk area in Amsterdam-Noord, for and by residents interested in art, culture, heritage and society.<\/h5>\n<h5>Werkplaats Molenwijk has been closed since January 1, 2026. Beginning 2026, we will move to a new location close by: a beautiful former school building at Zuideinde 369. There, we will open a new space to collaborate, create, and develop programs.<\/h5>\n<p>Below you will find a selection of activities at Werkplaats Molenwijk realized between 2018 and 2026, with focusing on the residencies.<\/p>\n<hr \/>\n<h5>Setting up Werkplaats Molenwijk<\/h5>\n<p>When the exhibition space of Framer Framed settled in the Tolhuistuin back in 2014, we noticed a shortage of cultural spaces in the Norther city district. While the northern IJ-river bank became a cultural hotspot, the long term residents of Amsterdam-Noord did not alway feel welcome in this <a href=\"https:\/\/framerframed.nl\/en\/dossier\/verdwenen-kunst-amsterdam-noord\/\">gentrified area<\/a>. With this in mind, the idea for a second project space in Molenwijk, an area further up in the North of Amsterdam, was born.<\/p>\n<p>The goal of Werkplaats Molenwijk is to facilitate a space for arts and culture in the Molenwijk, with an emphasis on collaboration and exchange. Visitors can initiate new programmes, actively take part in the organisation, enjoy presentations, join in conversations and share a meal together. Moreover, Werkplaats Molenwijk hosts an artist-in-residency, welcoming artists to create new work in dialogue with their surroundings.<\/p>\n<div id=\"attachment_8251\" style=\"width: 1034px\" class=\"wp-caption alignnone\"><img loading=\"lazy\" decoding=\"async\" aria-describedby=\"caption-attachment-8251\" class=\"size-full wp-image-8251\" src=\"https:\/\/framerframed.nl\/wp-content\/uploads\/2018\/07\/Molenwijk_buitenkant_01.jpg\" alt=\"\" width=\"1024\" height=\"768\" srcset=\"https:\/\/framerframed.nl\/wp-content\/uploads\/2018\/07\/Molenwijk_buitenkant_01.jpg 1024w, https:\/\/framerframed.nl\/wp-content\/uploads\/2018\/07\/Molenwijk_buitenkant_01-260x195.jpg 260w, https:\/\/framerframed.nl\/wp-content\/uploads\/2018\/07\/Molenwijk_buitenkant_01-695x521.jpg 695w, https:\/\/framerframed.nl\/wp-content\/uploads\/2018\/07\/Molenwijk_buitenkant_01-768x576.jpg 768w\" sizes=\"auto, (max-width: 1024px) 100vw, 1024px\" \/><p id=\"caption-attachment-8251\" class=\"wp-caption-text\">Werkplaats Molenwijk. Photo: Timo van Barneveld<\/p><\/div>\n<h5>Input from Molenwijk<\/h5>\n<p>At the end of 2016, Framer Framed initiated a research in Molenwijk, executed by a group Sociology MA students from the University of Amsterdam. This research, led by Dr.<a href=\"https:\/\/framerframed.nl\/en\/mensen\/adeola-enigbokan\/\"> Adeola Enigbokan<\/a>, consisted of fieldwork in the community and was meant to get to know the neighborhood and map the cultural needs and wishes of Molenwijk residents. One of its findings was the activities for youngsters &#8211; specifically young women &#8211; are limited.<\/p>\n<p>There also seems to be diverging ideas among residents of the Molenwijk, concerning what Molenwijk is and should be. Some people have lived there since the inception of the neighborhood and identify with the prosperous history of the place. The fact that the area has changed, is not always perceived by them as an improvement. The people who moved into the neighborhood at a later stage are themselves part of this change, and often have a more positive view of the area. Both groups have their own views of the neighborhood, but there are little opportunities to meet each other.<\/p>\n<p>In May and June 2017 it was the turn of students from the minor Public and Media at the Reinwardt Academy, within the module participation of <a href=\"https:\/\/www.linkedin.com\/in\/marjelle-van-hoorn-934a36a\/?originalSubdomain=nl\">Marjelle van Hoorn<\/a>. Both student research projects contributed to the &#8216;mission statement&#8217; of Werkplaats Molenwijk. Werkplaats Molenwijk hopes to welcome everyone and facilitate these kind of meetings, in addition to and in collaboration with activities that are already being put on by other organisations.<\/p>\n<hr \/>\n<h5>OPENING: 30 September 2018<\/h5>\n<p>The festive inauguration of Werkplaats Molenwijk! Everybody is welcome to join us for a toast to the start of our new project space with the opening of the <a href=\"https:\/\/framerframed.nl\/en\/exposities\/werkplaats-molenwijk-marie-hudelot-suat-ogut-and-sengul-koker\/\">exhibition <em>Fetish<\/em><\/a>. We will open our first exhibition with work by artist <a href=\"https:\/\/framerframed.nl\/en\/mensen\/marie-hudelot\/\">Marie Hudelot<\/a>. Her photography series<em> Fetish<\/em> shows selfmade objects portraying her roots, fears and dreams.<\/p>\n<div id=\"attachment_8603\" style=\"width: 1112px\" class=\"wp-caption alignnone\"><a href=\"https:\/\/framerframed.nl\/wp-content\/uploads\/2018\/09\/combi_voor-website.png\"><img loading=\"lazy\" decoding=\"async\" aria-describedby=\"caption-attachment-8603\" class=\"size-full wp-image-8603\" src=\"https:\/\/framerframed.nl\/wp-content\/uploads\/2018\/09\/combi_voor-website.png\" alt=\"\" width=\"1102\" height=\"456\" srcset=\"https:\/\/framerframed.nl\/wp-content\/uploads\/2018\/09\/combi_voor-website.png 1102w, https:\/\/framerframed.nl\/wp-content\/uploads\/2018\/09\/combi_voor-website-260x108.png 260w, https:\/\/framerframed.nl\/wp-content\/uploads\/2018\/09\/combi_voor-website-695x288.png 695w, https:\/\/framerframed.nl\/wp-content\/uploads\/2018\/09\/combi_voor-website-768x318.png 768w\" sizes=\"auto, (max-width: 1102px) 100vw, 1102px\" \/><\/a><p id=\"caption-attachment-8603\" class=\"wp-caption-text\">Marie Hudelot, 3 photographs from the <em>Fetish<\/em> (2017) series.<\/p><\/div>\n<p>We will also bring something from Framer Framed to the Molenwijk: as part of the finissage of Public Art Amsterdam, we will drive the work <em>The First Turk Immigrant or the Nameless Heroes of the Revolution<\/em> by artist <a href=\"https:\/\/framerframed.nl\/en\/mensen\/suat-ogut\/\">Suat \u00d6g\u00fct<\/a>, now located at the IJ river bank, to the Molenwijk. This work is an ode to Turkish migrants who came to Europe for political reasons. The work will be expanded with a focus on one of the migrants portrayed, Turkish-Swiss activist \u015eeng\u00fcl K\u00f6ker, who will herself be present at the opening.<\/p>\n<div id=\"attachment_8899\" style=\"width: 1410px\" class=\"wp-caption alignnone\"><a href=\"https:\/\/framerframed.nl\/wp-content\/uploads\/2018\/11\/Suat-Ogut_The-First-Turk-Immigrant_Foto-Ozkan-Golpinar.jpg\"><img loading=\"lazy\" decoding=\"async\" aria-describedby=\"caption-attachment-8899\" class=\"size-large wp-image-8899\" src=\"https:\/\/framerframed.nl\/wp-content\/uploads\/2018\/11\/Suat-Ogut_The-First-Turk-Immigrant_Foto-Ozkan-Golpinar-1400x1208.jpg\" alt=\"\" width=\"1400\" height=\"1208\" srcset=\"https:\/\/framerframed.nl\/wp-content\/uploads\/2018\/11\/Suat-Ogut_The-First-Turk-Immigrant_Foto-Ozkan-Golpinar-1400x1208.jpg 1400w, https:\/\/framerframed.nl\/wp-content\/uploads\/2018\/11\/Suat-Ogut_The-First-Turk-Immigrant_Foto-Ozkan-Golpinar-260x224.jpg 260w, https:\/\/framerframed.nl\/wp-content\/uploads\/2018\/11\/Suat-Ogut_The-First-Turk-Immigrant_Foto-Ozkan-Golpinar-695x600.jpg 695w, https:\/\/framerframed.nl\/wp-content\/uploads\/2018\/11\/Suat-Ogut_The-First-Turk-Immigrant_Foto-Ozkan-Golpinar-768x663.jpg 768w, https:\/\/framerframed.nl\/wp-content\/uploads\/2018\/11\/Suat-Ogut_The-First-Turk-Immigrant_Foto-Ozkan-Golpinar.jpg 1440w\" sizes=\"auto, (max-width: 1400px) 100vw, 1400px\" \/><\/a><p id=\"caption-attachment-8899\" class=\"wp-caption-text\">Suat Ogut, <em>The First Turk Immigrant<\/em>. Foto: Ozkan Golpinar<\/p><\/div>\n<hr \/>\n<h5>Exhibition: 50 years Molenwijk<\/h5>\n<p>Starting of in 2019 our first artist-in-resident, <a class=\"pum-trigger\" href=\"https:\/\/framerframed.nl\/mensen\/florian-braakman\/\">Florian Braakman<\/a>, worked alongside and with Molenwijk inhabitants to create an exhibition in light of the 50 year anniversary of the neighbourhood.<\/p>\n<p>The exhibition portrays <a href=\"https:\/\/framerframed.nl\/en\/exposities\/exhibition-50-years-molenwijk\/\"><em>50 Years of Molenwijk<\/em><\/a>\u00a0through a combination of existing material and new images. Residents were invited to contribute ideas, memories of the neighborhood, and images from their personal archives. Florian Braakman captured the area through photography, photographing people in the streets and in their own homes. Young residents were involved in the project via photography workshops: armed with a disposable camera, they took to the streets and framed Molenwijk through their own lens.\u00a0The resulting exhibition combines all the above elements, presenting a unique image of 50 Years Molenwijk, past and present.<\/p>\n<div id=\"attachment_8933\" style=\"width: 1273px\" class=\"wp-caption alignnone\"><a href=\"https:\/\/framerframed.nl\/wp-content\/uploads\/2018\/11\/20181026_162253_crop.jpg\"><img loading=\"lazy\" decoding=\"async\" aria-describedby=\"caption-attachment-8933\" class=\"size-large wp-image-8933\" src=\"https:\/\/framerframed.nl\/wp-content\/uploads\/2018\/11\/20181026_162253_crop-1263x1400.jpg\" alt=\"\" width=\"1263\" height=\"1400\" srcset=\"https:\/\/framerframed.nl\/wp-content\/uploads\/2018\/11\/20181026_162253_crop-1263x1400.jpg 1263w, https:\/\/framerframed.nl\/wp-content\/uploads\/2018\/11\/20181026_162253_crop-235x260.jpg 235w, https:\/\/framerframed.nl\/wp-content\/uploads\/2018\/11\/20181026_162253_crop-695x770.jpg 695w, https:\/\/framerframed.nl\/wp-content\/uploads\/2018\/11\/20181026_162253_crop-768x851.jpg 768w\" sizes=\"auto, (max-width: 1263px) 100vw, 1263px\" \/><\/a><p id=\"caption-attachment-8933\" class=\"wp-caption-text\">Molenwijkbewoners tonen persoonlijke archiefbeelden bij het &#8216;beeldspreekuur&#8217; van 50 Jaar Molenwijk<\/p><\/div>\n<hr \/>\n<h5>Exhibition: The City is Ours<\/h5>\n<p>On 8 March 2019, International Women\u2019s Day, the exhibition <a href=\"https:\/\/framerframed.nl\/en\/exposities\/expositie-the-city-is-ours-werkplaats-molenwijk\/\"><em>The City is Ours<\/em><\/a> opened at Werkplaats Molenwijk in Amsterdam. With installations, photography, and videos made by young women in Amsterdam and Tunis, reflecting their visions on what our cities should look like.<\/p>\n<p><em>The City is Ours<\/em> is a project in Amsterdam (Molenwijk) and in the Tunesian capital of Tunis (in the neighbourhood Fouchana), in which a group of girls and young women take ownership over public space. What would they change if they had the power to decide? What are their ideas on improving our cities so that they feel safe and welcoming to everyone?<\/p>\n<p>In February 2019, the participants followed multiple workshops under the guidance of artists, photographers and architects, in which they created artworks surrounding this theme. The result will be presented to the public in the <em>The City is Ours<\/em> exhibition at Werkplaats Molenwijk.<\/p>\n<div id=\"attachment_9665\" style=\"width: 1410px\" class=\"wp-caption alignnone\"><a href=\"https:\/\/framerframed.nl\/wp-content\/uploads\/2019\/03\/TCIO2-11.jpg\"><img loading=\"lazy\" decoding=\"async\" aria-describedby=\"caption-attachment-9665\" class=\"size-large wp-image-9665\" src=\"https:\/\/framerframed.nl\/wp-content\/uploads\/2019\/03\/TCIO2-11-1400x933.jpg\" alt=\"\" width=\"1400\" height=\"933\" srcset=\"https:\/\/framerframed.nl\/wp-content\/uploads\/2019\/03\/TCIO2-11-1400x933.jpg 1400w, https:\/\/framerframed.nl\/wp-content\/uploads\/2019\/03\/TCIO2-11-260x173.jpg 260w, https:\/\/framerframed.nl\/wp-content\/uploads\/2019\/03\/TCIO2-11-695x463.jpg 695w, https:\/\/framerframed.nl\/wp-content\/uploads\/2019\/03\/TCIO2-11-768x512.jpg 768w\" sizes=\"auto, (max-width: 1400px) 100vw, 1400px\" \/><\/a><p id=\"caption-attachment-9665\" class=\"wp-caption-text\">\u2018The City is Ours\u2019 at Werkplaats Molenwijk, Amsterdam (2019).<br \/>Photography: (c) Dalal el Ouarachi<\/p><\/div>\n<hr \/>\n<h5>Molenwijk Originals<\/h5>\n<p>TuncTop is an Amsterdam based artist. In collaboration with local residence he made the science fiction <em>Molenwijk Originals<\/em>\u00a0during his stay at &#8216;Werkplaats Molenwijk&#8217; a neighborhood venue of Framer Framed in the North of Amsterdam. The first thing he did to meet his new neighbors\u00a0in the Molenwijk was opening a cinema called \u2018Onze Bioscoop\u2019, <em>Our Cinema<\/em>. After spending almost 2 months in Molenwijk, screening movies with the smell of fresh pop-corn, having conversations, drinking coffee together with locals, and of course filming a lot. <a href=\"https:\/\/framerframed.nl\/en\/mensen\/tunctop\/\">TuncTop<\/a> met many people during his stay: food vendors, kids, youngsters, old ladies, Afghani, Syrian, Ugandan newcomers\u2026 Each character had a very special persona and an interesting story to tell&#8230;<\/p>\n<p><iframe loading=\"lazy\" src=\"https:\/\/www.youtube.com\/embed\/m0yPy5cevPc\" width=\"560\" height=\"315\" frameborder=\"0\" allowfullscreen=\"allowfullscreen\"><\/iframe><\/p>\n<hr \/>\n<p><strong>Special thanks to:<\/strong><br \/>\n<em>The students of the Master Sociology at the UvA and teacher Adeola Enigbokan, for their fieldwork in the Molenwijk. The students of the minor Publiek en Participatie at the Reinwardt Academie and teacher Marjelle van Hoorn, for their research into new methods for developing an art program in this neighborhood.<\/em><\/p>\n<p><strong>Werkplaats Molenwijk is made possible by:<\/strong><br \/>\n<em> Amsterdams Fonds voor de Kunst, De Alliantie, Bank Giro Loterij Fonds en Stadsdeel Noord.<\/em><\/p>\n<p><em>Werkplaats Molenwijk is an initiative by Framer Framed. Framer Framed is supported by Ministerie van Onderwijs, Cultuur en Wetenschap, Amsterdams Fonds voor de Kunst and Stadsdeel Oost.<\/em>","protected":false},"excerpt":{"rendered":"<p>In September 2018 Framer Framed opened a second project space: Werkplaats Molenwijk (Workspace Molenwijk). A neighborhood space in the Molenwijk area in Amsterdam-Noord, for and by residents interested in art, culture, heritage and society. Werkplaats Molenwijk has been closed since January 1, 2026. Beginning 2026, we will move to a new location close by: a [&hellip;]<\/p>\n","protected":false},"author":4,"featured_media":13053,"parent":0,"menu_order":0,"comment_status":"closed","ping_status":"closed","template":"","meta":{"_acf_changed":false,"footnotes":""},"class_list":["post-8563","page","type-page","status-publish","has-post-thumbnail","hentry"],"acf":[],"yoast_head":"<!-- This site is optimized with the Yoast SEO plugin v27.3 - https:\/\/yoast.com\/product\/yoast-seo-wordpress\/ -->\n<title>Werkplaats Molenwijk &#8211; Framer Framed<\/title>\n<meta name=\"description\" content=\"{:nl}Werkplaats Molenwijk is een projectruimte van Framer Framed in de Molenwijk in Amsterdam-Noord, voor en door buurtbewoners ge\u00efnteresseerd in kunst, cultuur, erfgoed en maatschappij.{:}\" \/>\n<meta name=\"robots\" content=\"index, follow, max-snippet:-1, max-image-preview:large, max-video-preview:-1\" \/>\n<link rel=\"canonical\" href=\"https:\/\/framerframed.nl\/werkplaats\/\" \/>\n<meta property=\"og:locale\" content=\"en_US\" \/>\n<meta property=\"og:type\" content=\"article\" \/>\n<meta property=\"og:title\" content=\"Werkplaats Molenwijk &#8211; Framer Framed\" \/>\n<meta property=\"og:description\" content=\"{:nl}Werkplaats Molenwijk is een projectruimte van Framer Framed in de Molenwijk in Amsterdam-Noord, voor en door buurtbewoners ge\u00efnteresseerd in kunst, cultuur, erfgoed en maatschappij.{:}\" \/>\n<meta property=\"og:url\" content=\"https:\/\/framerframed.nl\/werkplaats\/\" \/>\n<meta property=\"og:site_name\" content=\"Framer Framed\" \/>\n<meta property=\"article:publisher\" content=\"https:\/\/www.facebook.com\/FramerFramed\" \/>\n<meta property=\"article:modified_time\" content=\"2026-02-10T14:06:23+00:00\" \/>\n<meta property=\"og:image\" content=\"https:\/\/framerframed.nl\/wp-content\/uploads\/2019\/09\/Molenwijk_buitenkant-rood-2019.jpg\" \/>\n\t<meta property=\"og:image:width\" content=\"1600\" \/>\n\t<meta property=\"og:image:height\" content=\"1200\" \/>\n\t<meta property=\"og:image:type\" content=\"image\/jpeg\" \/>\n<meta name=\"twitter:card\" content=\"summary_large_image\" \/>\n<meta name=\"twitter:site\" content=\"@framerframed\" \/>\n<meta name=\"twitter:label1\" content=\"Est. reading time\" \/>\n\t<meta name=\"twitter:data1\" content=\"24 minutes\" \/>\n<script type=\"application\/ld+json\" class=\"yoast-schema-graph\">{\"@context\":\"https:\\\/\\\/schema.org\",\"@graph\":[{\"@type\":\"WebPage\",\"@id\":\"https:\\\/\\\/framerframed.nl\\\/werkplaats\\\/\",\"url\":\"https:\\\/\\\/framerframed.nl\\\/werkplaats\\\/\",\"name\":\"Werkplaats Molenwijk &#8211; Framer Framed\",\"isPartOf\":{\"@id\":\"https:\\\/\\\/framerframed.nl\\\/#website\"},\"primaryImageOfPage\":{\"@id\":\"https:\\\/\\\/framerframed.nl\\\/werkplaats\\\/#primaryimage\"},\"image\":{\"@id\":\"https:\\\/\\\/framerframed.nl\\\/werkplaats\\\/#primaryimage\"},\"thumbnailUrl\":\"https:\\\/\\\/framerframed.nl\\\/wp-content\\\/uploads\\\/2019\\\/09\\\/Molenwijk_buitenkant-rood-2019.jpg\",\"datePublished\":\"2018-09-18T15:24:34+00:00\",\"dateModified\":\"2026-02-10T14:06:23+00:00\",\"description\":\"{:nl}Werkplaats Molenwijk is een projectruimte van Framer Framed in de Molenwijk in Amsterdam-Noord, voor en door buurtbewoners ge\u00efnteresseerd in kunst, cultuur, erfgoed en maatschappij.{:}\",\"breadcrumb\":{\"@id\":\"https:\\\/\\\/framerframed.nl\\\/werkplaats\\\/#breadcrumb\"},\"inLanguage\":\"en-EN\",\"potentialAction\":[{\"@type\":\"ReadAction\",\"target\":[\"https:\\\/\\\/framerframed.nl\\\/werkplaats\\\/\"]}]},{\"@type\":\"ImageObject\",\"inLanguage\":\"en-EN\",\"@id\":\"https:\\\/\\\/framerframed.nl\\\/werkplaats\\\/#primaryimage\",\"url\":\"https:\\\/\\\/framerframed.nl\\\/wp-content\\\/uploads\\\/2019\\\/09\\\/Molenwijk_buitenkant-rood-2019.jpg\",\"contentUrl\":\"https:\\\/\\\/framerframed.nl\\\/wp-content\\\/uploads\\\/2019\\\/09\\\/Molenwijk_buitenkant-rood-2019.jpg\",\"width\":1600,\"height\":1200,\"caption\":\"Werkplaats Molenwijk\"},{\"@type\":\"BreadcrumbList\",\"@id\":\"https:\\\/\\\/framerframed.nl\\\/werkplaats\\\/#breadcrumb\",\"itemListElement\":[{\"@type\":\"ListItem\",\"position\":1,\"name\":\"Home\",\"item\":\"https:\\\/\\\/framerframed.nl\\\/\"},{\"@type\":\"ListItem\",\"position\":2,\"name\":\"Werkplaats Molenwijk\"}]},{\"@type\":\"WebSite\",\"@id\":\"https:\\\/\\\/framerframed.nl\\\/#website\",\"url\":\"https:\\\/\\\/framerframed.nl\\\/\",\"name\":\"Framer Framed\",\"description\":\"About the part that art plays in a globalising society\",\"publisher\":{\"@id\":\"https:\\\/\\\/framerframed.nl\\\/#organization\"},\"potentialAction\":[{\"@type\":\"SearchAction\",\"target\":{\"@type\":\"EntryPoint\",\"urlTemplate\":\"https:\\\/\\\/framerframed.nl\\\/?s={search_term_string}\"},\"query-input\":{\"@type\":\"PropertyValueSpecification\",\"valueRequired\":true,\"valueName\":\"search_term_string\"}}],\"inLanguage\":\"en-EN\"},{\"@type\":\"Organization\",\"@id\":\"https:\\\/\\\/framerframed.nl\\\/#organization\",\"name\":\"Framer Framed\",\"url\":\"https:\\\/\\\/framerframed.nl\\\/\",\"logo\":{\"@type\":\"ImageObject\",\"inLanguage\":\"en-EN\",\"@id\":\"https:\\\/\\\/framerframed.nl\\\/#\\\/schema\\\/logo\\\/image\\\/\",\"url\":\"https:\\\/\\\/framerframed.nl\\\/wp-content\\\/uploads\\\/2020\\\/08\\\/cropped-logo-1-2.jpg\",\"contentUrl\":\"https:\\\/\\\/framerframed.nl\\\/wp-content\\\/uploads\\\/2020\\\/08\\\/cropped-logo-1-2.jpg\",\"width\":2462,\"height\":300,\"caption\":\"Framer Framed\"},\"image\":{\"@id\":\"https:\\\/\\\/framerframed.nl\\\/#\\\/schema\\\/logo\\\/image\\\/\"},\"sameAs\":[\"https:\\\/\\\/www.facebook.com\\\/FramerFramed\",\"https:\\\/\\\/x.com\\\/framerframed\",\"https:\\\/\\\/www.instagram.com\\\/framerframed\\\/\",\"https:\\\/\\\/www.linkedin.com\\\/company\\\/framer-framed\"]}]}<\/script>\n<!-- \/ Yoast SEO plugin. -->","yoast_head_json":{"title":"Werkplaats Molenwijk &#8211; Framer Framed","description":"{:nl}Werkplaats Molenwijk is een projectruimte van Framer Framed in de Molenwijk in Amsterdam-Noord, voor en door buurtbewoners ge\u00efnteresseerd in kunst, cultuur, erfgoed en maatschappij.{:}","robots":{"index":"index","follow":"follow","max-snippet":"max-snippet:-1","max-image-preview":"max-image-preview:large","max-video-preview":"max-video-preview:-1"},"canonical":"https:\/\/framerframed.nl\/werkplaats\/","og_locale":"en_US","og_type":"article","og_title":"Werkplaats Molenwijk &#8211; Framer Framed","og_description":"{:nl}Werkplaats Molenwijk is een projectruimte van Framer Framed in de Molenwijk in Amsterdam-Noord, voor en door buurtbewoners ge\u00efnteresseerd in kunst, cultuur, erfgoed en maatschappij.{:}","og_url":"https:\/\/framerframed.nl\/werkplaats\/","og_site_name":"Framer Framed","article_publisher":"https:\/\/www.facebook.com\/FramerFramed","article_modified_time":"2026-02-10T14:06:23+00:00","og_image":[{"width":1600,"height":1200,"url":"https:\/\/framerframed.nl\/wp-content\/uploads\/2019\/09\/Molenwijk_buitenkant-rood-2019.jpg","type":"image\/jpeg"}],"twitter_card":"summary_large_image","twitter_site":"@framerframed","twitter_misc":{"Est. reading time":"24 minutes"},"schema":{"@context":"https:\/\/schema.org","@graph":[{"@type":"WebPage","@id":"https:\/\/framerframed.nl\/werkplaats\/","url":"https:\/\/framerframed.nl\/werkplaats\/","name":"Werkplaats Molenwijk &#8211; Framer Framed","isPartOf":{"@id":"https:\/\/framerframed.nl\/#website"},"primaryImageOfPage":{"@id":"https:\/\/framerframed.nl\/werkplaats\/#primaryimage"},"image":{"@id":"https:\/\/framerframed.nl\/werkplaats\/#primaryimage"},"thumbnailUrl":"https:\/\/framerframed.nl\/wp-content\/uploads\/2019\/09\/Molenwijk_buitenkant-rood-2019.jpg","datePublished":"2018-09-18T15:24:34+00:00","dateModified":"2026-02-10T14:06:23+00:00","description":"{:nl}Werkplaats Molenwijk is een projectruimte van Framer Framed in de Molenwijk in Amsterdam-Noord, voor en door buurtbewoners ge\u00efnteresseerd in kunst, cultuur, erfgoed en maatschappij.{:}","breadcrumb":{"@id":"https:\/\/framerframed.nl\/werkplaats\/#breadcrumb"},"inLanguage":"en-EN","potentialAction":[{"@type":"ReadAction","target":["https:\/\/framerframed.nl\/werkplaats\/"]}]},{"@type":"ImageObject","inLanguage":"en-EN","@id":"https:\/\/framerframed.nl\/werkplaats\/#primaryimage","url":"https:\/\/framerframed.nl\/wp-content\/uploads\/2019\/09\/Molenwijk_buitenkant-rood-2019.jpg","contentUrl":"https:\/\/framerframed.nl\/wp-content\/uploads\/2019\/09\/Molenwijk_buitenkant-rood-2019.jpg","width":1600,"height":1200,"caption":"Werkplaats Molenwijk"},{"@type":"BreadcrumbList","@id":"https:\/\/framerframed.nl\/werkplaats\/#breadcrumb","itemListElement":[{"@type":"ListItem","position":1,"name":"Home","item":"https:\/\/framerframed.nl\/"},{"@type":"ListItem","position":2,"name":"Werkplaats Molenwijk"}]},{"@type":"WebSite","@id":"https:\/\/framerframed.nl\/#website","url":"https:\/\/framerframed.nl\/","name":"Framer Framed","description":"About the part that art plays in a globalising society","publisher":{"@id":"https:\/\/framerframed.nl\/#organization"},"potentialAction":[{"@type":"SearchAction","target":{"@type":"EntryPoint","urlTemplate":"https:\/\/framerframed.nl\/?s={search_term_string}"},"query-input":{"@type":"PropertyValueSpecification","valueRequired":true,"valueName":"search_term_string"}}],"inLanguage":"en-EN"},{"@type":"Organization","@id":"https:\/\/framerframed.nl\/#organization","name":"Framer Framed","url":"https:\/\/framerframed.nl\/","logo":{"@type":"ImageObject","inLanguage":"en-EN","@id":"https:\/\/framerframed.nl\/#\/schema\/logo\/image\/","url":"https:\/\/framerframed.nl\/wp-content\/uploads\/2020\/08\/cropped-logo-1-2.jpg","contentUrl":"https:\/\/framerframed.nl\/wp-content\/uploads\/2020\/08\/cropped-logo-1-2.jpg","width":2462,"height":300,"caption":"Framer Framed"},"image":{"@id":"https:\/\/framerframed.nl\/#\/schema\/logo\/image\/"},"sameAs":["https:\/\/www.facebook.com\/FramerFramed","https:\/\/x.com\/framerframed","https:\/\/www.instagram.com\/framerframed\/","https:\/\/www.linkedin.com\/company\/framer-framed"]}]}},"jetpack_sharing_enabled":true,"_links":{"self":[{"href":"https:\/\/framerframed.nl\/en\/wp-json\/wp\/v2\/pages\/8563","targetHints":{"allow":["GET"]}}],"collection":[{"href":"https:\/\/framerframed.nl\/en\/wp-json\/wp\/v2\/pages"}],"about":[{"href":"https:\/\/framerframed.nl\/en\/wp-json\/wp\/v2\/types\/page"}],"author":[{"embeddable":true,"href":"https:\/\/framerframed.nl\/en\/wp-json\/wp\/v2\/users\/4"}],"replies":[{"embeddable":true,"href":"https:\/\/framerframed.nl\/en\/wp-json\/wp\/v2\/comments?post=8563"}],"version-history":[{"count":0,"href":"https:\/\/framerframed.nl\/en\/wp-json\/wp\/v2\/pages\/8563\/revisions"}],"wp:featuredmedia":[{"embeddable":true,"href":"https:\/\/framerframed.nl\/en\/wp-json\/wp\/v2\/media\/13053"}],"wp:attachment":[{"href":"https:\/\/framerframed.nl\/en\/wp-json\/wp\/v2\/media?parent=8563"}],"curies":[{"name":"wp","href":"https:\/\/api.w.org\/{rel}","templated":true}]}}