{"id":2668,"date":"2014-06-10T14:11:09","date_gmt":"2014-06-10T14:11:09","guid":{"rendered":"http:\/\/framerframed.nl\/?page_id=2668"},"modified":"2020-08-26T13:44:59","modified_gmt":"2020-08-26T13:44:59","slug":"locatie","status":"publish","type":"page","link":"https:\/\/framerframed.nl\/en\/locatie\/","title":{"rendered":"Venue"},"content":{"rendered":"The exhibition space of <strong>Framer Framed<\/strong> is located at the former Oostergasfabriek in the east of Amsterdam, the Netherlands. It aims to be a free space for arts &amp; culture. Framer Framed aim&#8217;s to serve an audience from Amsterdam and beyond, following the agenda of a new Europe, hospitable and cosmopolitan; the new Europe as we would like to see it.<\/p>\n<p><strong>Route<\/strong><br \/>\nFramer Framed is located at the Oranje-Vrijstaatkade and can be reached from Amsterdam Muiderpoort Station by foot. The exhibition space is also reachable by tram lines 19 and 1 and by buses 41 and 287. The stop closest to Framer Framed is called &#8216;Oostpoort&#8217;. The nearest parking space (Q-Park) is located at the Polderweg. <span class=\"st\">Admission to the Framer Framed exhibitions and public program is free.<\/span><\/p>\n<p><strong>Address<br \/>\n<\/strong>Framer Framed (exhibition space)<br \/>\nOranje-Vrijstaatkade 71<br \/>\n1093 KS Amsterdam<\/p>\n<p>Framer Framed is wheelchair accessible<\/p>\n<p><iframe loading=\"lazy\" style=\"border: 0;\" src=\"https:\/\/www.google.com\/maps\/embed?pb=!1m18!1m12!1m3!1d2436.750980728432!2d4.929931715745416!3d52.356801579783664!2m3!1f0!2f0!3f0!3m2!1i1024!2i768!4f13.1!3m3!1m2!1s0x47c609b452f1b7a5%3A0xe5ac51703abcaad9!2sFramer%20Framed!5e0!3m2!1snl!2snl!4v1573721219867!5m2!1snl!2snl\" width=\"600\" height=\"450\" frameborder=\"0\" allowfullscreen=\"allowfullscreen\"><\/iframe>","protected":false},"excerpt":{"rendered":"<p>The exhibition space of Framer Framed is located at the former Oostergasfabriek in the east of Amsterdam, the Netherlands. It aims to be a free space for arts &amp; culture. Framer Framed aim&#8217;s to serve an audience from Amsterdam and beyond, following the agenda of a new Europe, hospitable and cosmopolitan; the new Europe as [&hellip;]<\/p>\n","protected":false},"author":4,"featured_media":14185,"parent":0,"menu_order":0,"comment_status":"closed","ping_status":"open","template":"","meta":{"_acf_changed":false,"footnotes":""},"class_list":["post-2668","page","type-page","status-publish","has-post-thumbnail","hentry"],"acf":[],"yoast_head":"<!-- This site is optimized with the Yoast SEO plugin v27.4 - https:\/\/yoast.com\/product\/yoast-seo-wordpress\/ -->\n<title>Venue &#8211; Framer Framed<\/title>\n<meta name=\"robots\" content=\"index, follow, max-snippet:-1, max-image-preview:large, max-video-preview:-1\" \/>\n<link rel=\"canonical\" href=\"https:\/\/framerframed.nl\/en\/locatie\/\" \/>\n<meta property=\"og:locale\" content=\"en_US\" \/>\n<meta property=\"og:type\" content=\"article\" \/>\n<meta property=\"og:title\" content=\"[:nl]Locatie[:en]Venue[:] &#8211; Framer Framed\" \/>\n<meta property=\"og:description\" content=\"The exhibition space of Framer Framed is located at the former Oostergasfabriek in the east of Amsterdam, the Netherlands. It aims to be a free space for arts &amp; culture. Framer Framed aim&#8217;s to serve an audience from Amsterdam and beyond, following the agenda of a new Europe, hospitable and cosmopolitan; the new Europe as [&hellip;]\" \/>\n<meta property=\"og:url\" content=\"https:\/\/framerframed.nl\/en\/locatie\/\" \/>\n<meta property=\"og:site_name\" content=\"Framer Framed\" \/>\n<meta property=\"article:publisher\" content=\"https:\/\/www.facebook.com\/FramerFramed\" \/>\n<meta property=\"article:modified_time\" content=\"2020-08-26T13:44:59+00:00\" \/>\n<meta property=\"og:image\" content=\"https:\/\/framerframed.nl\/wp-content\/uploads\/2019\/11\/DSC_5366-scaled.jpg\" \/>\n\t<meta property=\"og:image:width\" content=\"5782\" \/>\n\t<meta property=\"og:image:height\" content=\"3252\" \/>\n\t<meta property=\"og:image:type\" content=\"image\/jpeg\" \/>\n<meta name=\"twitter:card\" content=\"summary_large_image\" \/>\n<meta name=\"twitter:site\" content=\"@framerframed\" \/>\n<meta name=\"twitter:label1\" content=\"Est. reading time\" \/>\n\t<meta name=\"twitter:data1\" content=\"1 minute\" \/>\n<script type=\"application\/ld+json\" class=\"yoast-schema-graph\">{\"@context\":\"https:\\\/\\\/schema.org\",\"@graph\":[{\"@type\":\"WebPage\",\"@id\":\"https:\\\/\\\/framerframed.nl\\\/en\\\/locatie\\\/\",\"url\":\"https:\\\/\\\/framerframed.nl\\\/en\\\/locatie\\\/\",\"name\":\"[:nl]Locatie[:en]Venue[:] &#8211; Framer Framed\",\"isPartOf\":{\"@id\":\"https:\\\/\\\/framerframed.nl\\\/#website\"},\"primaryImageOfPage\":{\"@id\":\"https:\\\/\\\/framerframed.nl\\\/en\\\/locatie\\\/#primaryimage\"},\"image\":{\"@id\":\"https:\\\/\\\/framerframed.nl\\\/en\\\/locatie\\\/#primaryimage\"},\"thumbnailUrl\":\"https:\\\/\\\/framerframed.nl\\\/wp-content\\\/uploads\\\/2019\\\/11\\\/DSC_5366-scaled.jpg\",\"datePublished\":\"2014-06-10T14:11:09+00:00\",\"dateModified\":\"2020-08-26T13:44:59+00:00\",\"breadcrumb\":{\"@id\":\"https:\\\/\\\/framerframed.nl\\\/en\\\/locatie\\\/#breadcrumb\"},\"inLanguage\":\"en-EN\",\"potentialAction\":[{\"@type\":\"ReadAction\",\"target\":[\"https:\\\/\\\/framerframed.nl\\\/en\\\/locatie\\\/\"]}]},{\"@type\":\"ImageObject\",\"inLanguage\":\"en-EN\",\"@id\":\"https:\\\/\\\/framerframed.nl\\\/en\\\/locatie\\\/#primaryimage\",\"url\":\"https:\\\/\\\/framerframed.nl\\\/wp-content\\\/uploads\\\/2019\\\/11\\\/DSC_5366-scaled.jpg\",\"contentUrl\":\"https:\\\/\\\/framerframed.nl\\\/wp-content\\\/uploads\\\/2019\\\/11\\\/DSC_5366-scaled.jpg\",\"width\":5782,\"height\":3252,\"caption\":\"Manifesto Against Nostalgia (2019). Foto: Bet\u00fcl Ellialt\u0131o\u011flu \\\/ Framer Framed\"},{\"@type\":\"BreadcrumbList\",\"@id\":\"https:\\\/\\\/framerframed.nl\\\/en\\\/locatie\\\/#breadcrumb\",\"itemListElement\":[{\"@type\":\"ListItem\",\"position\":1,\"name\":\"Home\",\"item\":\"https:\\\/\\\/framerframed.nl\\\/\"},{\"@type\":\"ListItem\",\"position\":2,\"name\":\"Venue\"}]},{\"@type\":\"WebSite\",\"@id\":\"https:\\\/\\\/framerframed.nl\\\/#website\",\"url\":\"https:\\\/\\\/framerframed.nl\\\/\",\"name\":\"Framer Framed\",\"description\":\"About the part that art plays in a globalising society\",\"publisher\":{\"@id\":\"https:\\\/\\\/framerframed.nl\\\/#organization\"},\"potentialAction\":[{\"@type\":\"SearchAction\",\"target\":{\"@type\":\"EntryPoint\",\"urlTemplate\":\"https:\\\/\\\/framerframed.nl\\\/?s={search_term_string}\"},\"query-input\":{\"@type\":\"PropertyValueSpecification\",\"valueRequired\":true,\"valueName\":\"search_term_string\"}}],\"inLanguage\":\"en-EN\"},{\"@type\":\"Organization\",\"@id\":\"https:\\\/\\\/framerframed.nl\\\/#organization\",\"name\":\"Framer Framed\",\"url\":\"https:\\\/\\\/framerframed.nl\\\/\",\"logo\":{\"@type\":\"ImageObject\",\"inLanguage\":\"en-EN\",\"@id\":\"https:\\\/\\\/framerframed.nl\\\/#\\\/schema\\\/logo\\\/image\\\/\",\"url\":\"https:\\\/\\\/framerframed.nl\\\/wp-content\\\/uploads\\\/2020\\\/08\\\/cropped-logo-1-2.jpg\",\"contentUrl\":\"https:\\\/\\\/framerframed.nl\\\/wp-content\\\/uploads\\\/2020\\\/08\\\/cropped-logo-1-2.jpg\",\"width\":2462,\"height\":300,\"caption\":\"Framer Framed\"},\"image\":{\"@id\":\"https:\\\/\\\/framerframed.nl\\\/#\\\/schema\\\/logo\\\/image\\\/\"},\"sameAs\":[\"https:\\\/\\\/www.facebook.com\\\/FramerFramed\",\"https:\\\/\\\/x.com\\\/framerframed\",\"https:\\\/\\\/www.instagram.com\\\/framerframed\\\/\",\"https:\\\/\\\/www.linkedin.com\\\/company\\\/framer-framed\"]}]}<\/script>\n<!-- \/ Yoast SEO plugin. -->","yoast_head_json":{"title":"[:nl]Locatie[:en]Venue[:] &#8211; Framer Framed","robots":{"index":"index","follow":"follow","max-snippet":"max-snippet:-1","max-image-preview":"max-image-preview:large","max-video-preview":"max-video-preview:-1"},"canonical":"https:\/\/framerframed.nl\/en\/locatie\/","og_locale":"en_US","og_type":"article","og_title":"[:nl]Locatie[:en]Venue[:] &#8211; Framer Framed","og_description":"The exhibition space of Framer Framed is located at the former Oostergasfabriek in the east of Amsterdam, the Netherlands. It aims to be a free space for arts &amp; culture. Framer Framed aim&#8217;s to serve an audience from Amsterdam and beyond, following the agenda of a new Europe, hospitable and cosmopolitan; the new Europe as [&hellip;]","og_url":"https:\/\/framerframed.nl\/en\/locatie\/","og_site_name":"Framer Framed","article_publisher":"https:\/\/www.facebook.com\/FramerFramed","article_modified_time":"2020-08-26T13:44:59+00:00","og_image":[{"width":5782,"height":3252,"url":"https:\/\/framerframed.nl\/wp-content\/uploads\/2019\/11\/DSC_5366-scaled.jpg","type":"image\/jpeg"}],"twitter_card":"summary_large_image","twitter_site":"@framerframed","twitter_misc":{"Est. reading time":"1 minute"},"schema":{"@context":"https:\/\/schema.org","@graph":[{"@type":"WebPage","@id":"https:\/\/framerframed.nl\/en\/locatie\/","url":"https:\/\/framerframed.nl\/en\/locatie\/","name":"[:nl]Locatie[:en]Venue[:] &#8211; Framer Framed","isPartOf":{"@id":"https:\/\/framerframed.nl\/#website"},"primaryImageOfPage":{"@id":"https:\/\/framerframed.nl\/en\/locatie\/#primaryimage"},"image":{"@id":"https:\/\/framerframed.nl\/en\/locatie\/#primaryimage"},"thumbnailUrl":"https:\/\/framerframed.nl\/wp-content\/uploads\/2019\/11\/DSC_5366-scaled.jpg","datePublished":"2014-06-10T14:11:09+00:00","dateModified":"2020-08-26T13:44:59+00:00","breadcrumb":{"@id":"https:\/\/framerframed.nl\/en\/locatie\/#breadcrumb"},"inLanguage":"en-EN","potentialAction":[{"@type":"ReadAction","target":["https:\/\/framerframed.nl\/en\/locatie\/"]}]},{"@type":"ImageObject","inLanguage":"en-EN","@id":"https:\/\/framerframed.nl\/en\/locatie\/#primaryimage","url":"https:\/\/framerframed.nl\/wp-content\/uploads\/2019\/11\/DSC_5366-scaled.jpg","contentUrl":"https:\/\/framerframed.nl\/wp-content\/uploads\/2019\/11\/DSC_5366-scaled.jpg","width":5782,"height":3252,"caption":"Manifesto Against Nostalgia (2019). Foto: Bet\u00fcl Ellialt\u0131o\u011flu \/ Framer Framed"},{"@type":"BreadcrumbList","@id":"https:\/\/framerframed.nl\/en\/locatie\/#breadcrumb","itemListElement":[{"@type":"ListItem","position":1,"name":"Home","item":"https:\/\/framerframed.nl\/"},{"@type":"ListItem","position":2,"name":"Venue"}]},{"@type":"WebSite","@id":"https:\/\/framerframed.nl\/#website","url":"https:\/\/framerframed.nl\/","name":"Framer Framed","description":"About the part that art plays in a globalising society","publisher":{"@id":"https:\/\/framerframed.nl\/#organization"},"potentialAction":[{"@type":"SearchAction","target":{"@type":"EntryPoint","urlTemplate":"https:\/\/framerframed.nl\/?s={search_term_string}"},"query-input":{"@type":"PropertyValueSpecification","valueRequired":true,"valueName":"search_term_string"}}],"inLanguage":"en-EN"},{"@type":"Organization","@id":"https:\/\/framerframed.nl\/#organization","name":"Framer Framed","url":"https:\/\/framerframed.nl\/","logo":{"@type":"ImageObject","inLanguage":"en-EN","@id":"https:\/\/framerframed.nl\/#\/schema\/logo\/image\/","url":"https:\/\/framerframed.nl\/wp-content\/uploads\/2020\/08\/cropped-logo-1-2.jpg","contentUrl":"https:\/\/framerframed.nl\/wp-content\/uploads\/2020\/08\/cropped-logo-1-2.jpg","width":2462,"height":300,"caption":"Framer Framed"},"image":{"@id":"https:\/\/framerframed.nl\/#\/schema\/logo\/image\/"},"sameAs":["https:\/\/www.facebook.com\/FramerFramed","https:\/\/x.com\/framerframed","https:\/\/www.instagram.com\/framerframed\/","https:\/\/www.linkedin.com\/company\/framer-framed"]}]}},"jetpack_sharing_enabled":true,"_links":{"self":[{"href":"https:\/\/framerframed.nl\/en\/wp-json\/wp\/v2\/pages\/2668","targetHints":{"allow":["GET"]}}],"collection":[{"href":"https:\/\/framerframed.nl\/en\/wp-json\/wp\/v2\/pages"}],"about":[{"href":"https:\/\/framerframed.nl\/en\/wp-json\/wp\/v2\/types\/page"}],"author":[{"embeddable":true,"href":"https:\/\/framerframed.nl\/en\/wp-json\/wp\/v2\/users\/4"}],"replies":[{"embeddable":true,"href":"https:\/\/framerframed.nl\/en\/wp-json\/wp\/v2\/comments?post=2668"}],"version-history":[{"count":0,"href":"https:\/\/framerframed.nl\/en\/wp-json\/wp\/v2\/pages\/2668\/revisions"}],"wp:featuredmedia":[{"embeddable":true,"href":"https:\/\/framerframed.nl\/en\/wp-json\/wp\/v2\/media\/14185"}],"wp:attachment":[{"href":"https:\/\/framerframed.nl\/en\/wp-json\/wp\/v2\/media?parent=2668"}],"curies":[{"name":"wp","href":"https:\/\/api.w.org\/{rel}","templated":true}]}}